{"id":3942,"date":"2023-07-06T15:21:37","date_gmt":"2023-07-06T12:21:37","guid":{"rendered":"https:\/\/www.ikizotel.net\/?page_id=3942"},"modified":"2023-07-06T16:48:06","modified_gmt":"2023-07-06T13:48:06","slug":"our-team","status":"publish","type":"page","link":"https:\/\/www.ikizotel.net\/tr\/ekibimiz\/","title":{"rendered":"Ekibimiz"},"content":{"rendered":"<div data-elementor-type=\"wp-page\" data-elementor-id=\"3942\" class=\"elementor elementor-3942\" data-elementor-post-type=\"page\">\n\t\t\t\t\t\t<section class=\"elementor-section elementor-top-section elementor-element elementor-element-3ea506d0 elementor-section-full_width elementor-section-height-default elementor-section-height-default\" data-id=\"3ea506d0\" data-element_type=\"section\" data-e-type=\"section\" data-settings=\"{&quot;background_background&quot;:&quot;classic&quot;}\">\n\t\t\t\t\t\t<div class=\"elementor-container elementor-column-gap-no\">\n\t\t\t\t\t<div class=\"elementor-column elementor-col-100 elementor-top-column elementor-element elementor-element-7592f5ee\" data-id=\"7592f5ee\" data-element_type=\"column\" data-e-type=\"column\" data-settings=\"{&quot;background_background&quot;:&quot;classic&quot;}\">\n\t\t\t<div class=\"elementor-widget-wrap elementor-element-populated\">\n\t\t\t\t\t\t<div class=\"elementor-element elementor-element-b6a029e elementor-widget elementor-widget-kinsley-intro\" data-id=\"b6a029e\" data-element_type=\"widget\" data-e-type=\"widget\" data-widget_type=\"kinsley-intro.default\">\n\t\t\t\t<div class=\"elementor-widget-container\">\n\t\t\t\t\t\n    <!-- banner -->\n    <section class=\"knsl-banner-simple knsl-transition-bottom\">\n      \n\t\t\t\t<img decoding=\"async\" src=\"https:\/\/www.ikizotel.net\/wp-content\/themes\/kinsley\/assets\/img\/palm.svg\" class=\"knsl-deco-left\" alt=\"palm\" \/>\n\t\t<img decoding=\"async\" src=\"https:\/\/www.ikizotel.net\/wp-content\/themes\/kinsley\/assets\/img\/palm.svg\" class=\"knsl-deco-right\" alt=\"palm\" \/>\n\t\t\n\t\n      <div class=\"container\">\n        <div class=\"row\">\n          <div class=\"col-lg-12\">\n\n            <div class=\"knsl-center knsl-title-frame\">\n                            <h1 class=\"knsl-title--h knsl-mb-20 knsl-h1-inner\">\n                <span >\n                    Ekibimiz                <\/span>\n              <\/h1>\n                                          <p class=\"knsl-text knsl-mb-30\">\n                <span >\n                    \u0130kiz Hotel&#039;de ola\u011fan\u00fcst\u00fc ekibimizle gurur duyuyoruz. Kendini i\u015fine adam\u0131\u015f personelimiz, kendilerini kusursuz hizmet sunmaya ve her konu\u011fun de\u011ferli ve iyi bak\u0131ld\u0131\u011f\u0131n\u0131 hissetmesini sa\u011flamaya adam\u0131\u015ft\u0131r.                <\/span>\n              <\/p>\n              \n              <ul class=\"knsl-breadcrumbs\"><li><a href=\"https:\/\/www.ikizotel.net\/tr\" title=\"\u0130kiz Otel\">Ana sayfa<\/a><\/li><li class=\"tst-active\"><a><\/a><\/li><\/ul>\n            <\/div>\n\n          <\/div>\n        <\/div>\n      <\/div>\n    <\/section>\n    <!-- banner end -->\n\n\t\t\t\t\t\t<\/div>\n\t\t\t\t<\/div>\n\t\t\t\t\t<\/div>\n\t\t<\/div>\n\t\t\t\t\t<\/div>\n\t\t<\/section>\n\t\t\t\t<section class=\"elementor-section elementor-top-section elementor-element elementor-element-c672fe0 elementor-section-boxed elementor-section-height-default elementor-section-height-default\" data-id=\"c672fe0\" data-element_type=\"section\" data-e-type=\"section\">\n\t\t\t\t\t\t<div class=\"elementor-container elementor-column-gap-default\">\n\t\t\t\t\t<div class=\"elementor-column elementor-col-100 elementor-top-column elementor-element elementor-element-43d9d77\" data-id=\"43d9d77\" data-element_type=\"column\" data-e-type=\"column\">\n\t\t\t<div class=\"elementor-widget-wrap elementor-element-populated\">\n\t\t\t\t\t\t<div class=\"elementor-element elementor-element-16d8e81 elementor-widget elementor-widget-kinsley-about-quote\" data-id=\"16d8e81\" data-element_type=\"widget\" data-e-type=\"widget\" data-widget_type=\"kinsley-about-quote.default\">\n\t\t\t\t<div class=\"elementor-widget-container\">\n\t\t\t\t\t\n    <!-- quote -->\n    <section class=\"knsl-p-0-100\">\n\n      <div class=\"container\">\n        <div class=\"row\">\n\n          <div class=\"col-lg-12\">\n\n            <div class=\"knsl-quote-with-author\">\n\n              <div class=\"row align-items-center\">\n                <div class=\"col-lg-4\">\n                                    <div class=\"knsl-photo-frame\">\n                    <img decoding=\"async\" src=\"https:\/\/www.ikizotel.net\/wp-content\/uploads\/2023\/07\/adnancallioglu.jpg\" alt=\"Adnan \u00c7all\u0131o\u011flu\" \/>\n                  <\/div>\n                                  <\/div>\n                <div class=\"col-lg-8\">\n                                    <blockquote>\n                    <span >\n                      Konforun l\u00fcksle bulu\u015ftu\u011fu ve her misafirine kraliyet ailesi gibi davran\u0131lan otelimize ho\u015f geldiniz. Sizleri de\u011ferli konu\u011fumuz olarak a\u011f\u0131rlamaktan mutluluk duyuyor ve unutulmaz bir konaklama ge\u00e7irmenizi sa\u011flamak i\u00e7in sab\u0131rs\u0131zlan\u0131yoruz. Kap\u0131m\u0131zdan i\u00e7eri ad\u0131m att\u0131\u011f\u0131n\u0131z andan itibaren, \u00f6zel ekibimiz her t\u00fcrl\u00fc ihtiyac\u0131n\u0131z\u0131 kar\u015f\u0131lamak i\u00e7in burada. Misyonumuz, konaklaman\u0131z boyunca en \u00fcst d\u00fczeyde konfor ve memnuniyetinizi sa\u011flamak ve zarif ortam\u0131m\u0131zda kendinizi evinizde hissetmenizi sa\u011flamakt\u0131r.                    <\/span>\n                  <\/blockquote>\n                                    <div class=\"knsl-quote-bottom\">\n                    <div>\n                                            <h4>\n                        <span >\n                  \t\t\t\tAdnan \u00c7all\u0131o\u011flu                  \t\t\t<\/span>\n                      <\/h4>\n                                                                  <p>\n                        <span >\n                  \t\t\t\tGenel M\u00fcd\u00fcr                  \t\t\t<\/span>\n                      <\/p>\n                                          <\/div>\n                                        <img decoding=\"async\" src=\"https:\/\/www.ikizotel.net\/wp-content\/uploads\/2023\/07\/Text_Signature-e1688646477670.png\" class=\"knsl-signature\" alt=\"signature\" \/>\n                                      <\/div>\n                <\/div>\n              <\/div>\n            <\/div>\n\n          <\/div>\n\n        <\/div>\n\n      <\/div>\n\n    <\/section>\n    <!-- quote end -->\n\n\t\t\t\t\t\t<\/div>\n\t\t\t\t<\/div>\n\t\t\t\t\t<\/div>\n\t\t<\/div>\n\t\t\t\t\t<\/div>\n\t\t<\/section>\n\t\t\t\t<section class=\"elementor-section elementor-top-section elementor-element elementor-element-4114e96c elementor-section-full_width elementor-section-height-default elementor-section-height-default\" data-id=\"4114e96c\" data-element_type=\"section\" data-e-type=\"section\" data-settings=\"{&quot;background_background&quot;:&quot;classic&quot;}\">\n\t\t\t\t\t\t<div class=\"elementor-container elementor-column-gap-no\">\n\t\t\t\t\t<div class=\"elementor-column elementor-col-100 elementor-top-column elementor-element elementor-element-26a1990e\" data-id=\"26a1990e\" data-element_type=\"column\" data-e-type=\"column\">\n\t\t\t<div class=\"elementor-widget-wrap elementor-element-populated\">\n\t\t\t\t\t\t<div class=\"elementor-element elementor-element-7c71c99e elementor-widget elementor-widget-kinsley-testimonials\" data-id=\"7c71c99e\" data-element_type=\"widget\" data-e-type=\"widget\" data-widget_type=\"kinsley-testimonials.default\">\n\t\t\t\t<div class=\"elementor-widget-container\">\n\t\t\t\t\t\n\t\t<!-- testimonials -->\n\t    <section class=\"knsl-transition-none knsl-p-0-80\">\n\t      \n\t\t\t\t<img decoding=\"async\" src=\"https:\/\/www.ikizotel.net\/wp-content\/themes\/kinsley\/assets\/img\/palm.svg\" class=\"knsl-deco-left\" alt=\"palm\" \/>\n\t\t\n\t\n\t      <div class=\"container\">\n\t        <div class=\"row justify-content-center\">\n\t          \t          <div class=\"col-lg-12\">\n\n\t            <div class=\"knsl-center knsl-title-frame knsl-scroll-animation knsl-mb-80\">\n\t              \t              <h2 class=\"knsl-title--h knsl-mb-20\">\n\t              \t<span >\n\t\t\t\t\t          \tMisafirlerimizden Geri Bildirim\t\t\t\t\t        <\/span>\n\t              <\/h2>\n\t              \t              \t\t\t\t\t\t\t\t<div class=\"knsl-text\">\n\t\t\t\t\t\t\t\t\t<p>\n\t\t              \t<span >\n\t\t\t\t\t          \t\tSizin Sesiniz, Bizim \u0130lham\u0131m\u0131z! \u0130kiz Hotel olarak siz de\u011ferli misafirlerimizin g\u00f6r\u00fc\u015f ve deneyimlerine de\u011fer veriyoruz. \t\t\t\t\t        \t<\/span>\n\t\t              <\/p>\n\t\t\t\t\t\t\t\t<\/div>\n\t              \t            <\/div>\n\n\t          <\/div>\n\t          \t          \t          <div class=\"col-lg-6\">\n\n\t            <!-- slider -->\n\t            <div class=\"swiper-slider knsl-testimonials-slider knsl-scroll-animation\">\n\t              <div class=\"swiper-wrapper\">\n\t                \t                <div class=\"swiper-slide\">\n\n\t                  <div class=\"knsl-testimonial-card\">\n\t                    \t                    <div class=\"knsl-avatar-frame\">\n\t                      <img decoding=\"async\" src=\"https:\/\/www.ikizotel.net\/wp-content\/uploads\/2021\/10\/faces-1-140x140.jpg\" alt=\"Avtor Otzivov\" \/>\n\t                    <\/div>\n\t                    \t                    <div class=\"knsl-name-and-text\">\n\t                      \t                      <h3 class=\"knsl-mb-10\">\n\t                      \t<span >\n\t\t\t\t\t\t\t\t\t\t\t\t\t\tAvtor Otzivov\t\t\t\t\t\t\t\t\t\t\t\t\t<\/span>\n\t                      <\/h3>\n\t                      \t                      \t                      <div class=\"knsl-subtitle--h\">\n\t                      \t<span >\n\t\t\t\t\t\t\t\t\t\t\t\t\t\tRusya&#039;dan\t\t\t\t\t\t\t\t\t\t\t\t\t<\/span>\n\t                      <\/div>\n\t                      \t                      <blockquote>\n\t                        \t\t\t\t\t\t                <ul class=\"knsl-stars\">\n\t\t\t\t\t\t                  \t\t\t\t\t\t                  \t\t\t\t\t\t                  <li><i class=\"fas fa-star\"><\/i><\/li>\n\t\t\t\t\t\t                  \t\t\t\t\t\t                  \t\t\t\t\t\t                  \t\t\t\t\t\t                  <li><i class=\"fas fa-star\"><\/i><\/li>\n\t\t\t\t\t\t                  \t\t\t\t\t\t                  \t\t\t\t\t\t                  \t\t\t\t\t\t                  <li><i class=\"fas fa-star\"><\/i><\/li>\n\t\t\t\t\t\t                  \t\t\t\t\t\t                  \t\t\t\t\t\t                  \t\t\t\t\t\t                  <li><i class=\"fas fa-star\"><\/i><\/li>\n\t\t\t\t\t\t                  \t\t\t\t\t\t                  \t\t\t\t\t\t                  \t\t\t\t\t\t                  <li><i class=\"fas fa-star\"><\/i><\/li>\n\t\t\t\t\t\t                  \t\t\t\t\t\t                  \t\t\t\t\t\t                <\/ul>\n\t\t\t\t\t\t            \t\n\t                        \t                        \t<div >\n\t\t\t\t\t\t\t\t\t\t\t\t\t\t\t<p id=\"tw-target-text\" class=\"tw-data-text tw-text-large tw-ta\" dir=\"ltr\" data-placeholder=\"\u00c7eviri\">Yerle\u015fme. 14:00'da standart. Odaya (ilk binada 301 numara) bizzat m\u00fcd\u00fcr Bahtiyar e\u015flik etti. Onunla, hemen her \u015feyi kontrol ettiler, b\u00f6ylece akmas\u0131 ve a\u00e7\u0131lmas\u0131 gereken her \u015fey sa\u011fland\u0131.<\/p>\t\t\t\t\t\t\t\t\t\t\t\t\t\t<\/div>\n\t                        \t                      <\/blockquote>\n\t                    <\/div>\n\t                  <\/div>\n\n\t                <\/div>\n\t                \t                <div class=\"swiper-slide\">\n\n\t                  <div class=\"knsl-testimonial-card\">\n\t                    \t                    <div class=\"knsl-avatar-frame\">\n\t                      <img decoding=\"async\" src=\"https:\/\/www.ikizotel.net\/wp-content\/uploads\/2021\/10\/faces-2-140x140.jpg\" alt=\"Alexsey Beringer\" \/>\n\t                    <\/div>\n\t                    \t                    <div class=\"knsl-name-and-text\">\n\t                      \t                      <h3 class=\"knsl-mb-10\">\n\t                      \t<span >\n\t\t\t\t\t\t\t\t\t\t\t\t\t\tAlexsey Beringer\t\t\t\t\t\t\t\t\t\t\t\t\t<\/span>\n\t                      <\/h3>\n\t                      \t                      \t                      <div class=\"knsl-subtitle--h\">\n\t                      \t<span >\n\t\t\t\t\t\t\t\t\t\t\t\t\t\tRusya&#039;dan\t\t\t\t\t\t\t\t\t\t\t\t\t<\/span>\n\t                      <\/div>\n\t                      \t                      <blockquote>\n\t                        \t\t\t\t\t\t                <ul class=\"knsl-stars\">\n\t\t\t\t\t\t                  \t\t\t\t\t\t                  \t\t\t\t\t\t                  <li><i class=\"fas fa-star\"><\/i><\/li>\n\t\t\t\t\t\t                  \t\t\t\t\t\t                  \t\t\t\t\t\t                  \t\t\t\t\t\t                  <li><i class=\"fas fa-star\"><\/i><\/li>\n\t\t\t\t\t\t                  \t\t\t\t\t\t                  \t\t\t\t\t\t                  \t\t\t\t\t\t                  <li><i class=\"fas fa-star\"><\/i><\/li>\n\t\t\t\t\t\t                  \t\t\t\t\t\t                  \t\t\t\t\t\t                  \t\t\t\t\t\t                  <li><i class=\"fas fa-star\"><\/i><\/li>\n\t\t\t\t\t\t                  \t\t\t\t\t\t                  \t\t\t\t\t\t                  \t\t\t\t\t\t                  <li><i class=\"fas fa-star\"><\/i><\/li>\n\t\t\t\t\t\t                  \t\t\t\t\t\t                  \t\t\t\t\t\t                <\/ul>\n\t\t\t\t\t\t            \t\n\t                        \t                        \t<div >\n\t\t\t\t\t\t\t\t\t\t\t\t\t\t\t<p>Yurtd\u0131\u015f\u0131na ilk seyahat deneyimi \u00e7ok \u00f6nemlidir. Burada oldu\u011fum i\u00e7in \u015fansl\u0131y\u0131m. Bu otel, para i\u00e7in sadece bir peri masal\u0131 oldu\u011fu ortaya \u00e7\u0131kt\u0131 ve tesisteki 2-3 g\u00fcnl\u00fck kal\u0131\u015f\u0131m\u0131z\u0131n unutulmaz olmas\u0131n\u0131 sa\u011flamaya yard\u0131mc\u0131 oldu. Zengin ve \u00e7e\u015fitli yedik, kliman\u0131n alt\u0131nda rahat\u00e7a uyuduk, rahat bir du\u015fta y\u0131kand\u0131k.<\/p>\t\t\t\t\t\t\t\t\t\t\t\t\t\t<\/div>\n\t                        \t                      <\/blockquote>\n\t                    <\/div>\n\t                  <\/div>\n\n\t                <\/div>\n\t                \t                <div class=\"swiper-slide\">\n\n\t                  <div class=\"knsl-testimonial-card\">\n\t                    \t                    <div class=\"knsl-avatar-frame\">\n\t                      <img decoding=\"async\" src=\"https:\/\/www.ikizotel.net\/wp-content\/uploads\/2021\/10\/faces-3-scaled-1-140x140.jpg\" alt=\"Elena An\" \/>\n\t                    <\/div>\n\t                    \t                    <div class=\"knsl-name-and-text\">\n\t                      \t                      <h3 class=\"knsl-mb-10\">\n\t                      \t<span >\n\t\t\t\t\t\t\t\t\t\t\t\t\t\tElena An\t\t\t\t\t\t\t\t\t\t\t\t\t<\/span>\n\t                      <\/h3>\n\t                      \t                      \t                      <div class=\"knsl-subtitle--h\">\n\t                      \t<span >\n\t\t\t\t\t\t\t\t\t\t\t\t\t\tAlmanyadan\t\t\t\t\t\t\t\t\t\t\t\t\t<\/span>\n\t                      <\/div>\n\t                      \t                      <blockquote>\n\t                        \t\t\t\t\t\t                <ul class=\"knsl-stars\">\n\t\t\t\t\t\t                  \t\t\t\t\t\t                  \t\t\t\t\t\t                  <li><i class=\"fas fa-star\"><\/i><\/li>\n\t\t\t\t\t\t                  \t\t\t\t\t\t                  \t\t\t\t\t\t                  \t\t\t\t\t\t                  <li><i class=\"fas fa-star\"><\/i><\/li>\n\t\t\t\t\t\t                  \t\t\t\t\t\t                  \t\t\t\t\t\t                  \t\t\t\t\t\t                  <li><i class=\"fas fa-star\"><\/i><\/li>\n\t\t\t\t\t\t                  \t\t\t\t\t\t                  \t\t\t\t\t\t                  \t\t\t\t\t\t                  <li><i class=\"fas fa-star\"><\/i><\/li>\n\t\t\t\t\t\t                  \t\t\t\t\t\t                  \t\t\t\t\t\t                  \t\t\t\t\t\t                  <li><i class=\"fas fa-star\"><\/i><\/li>\n\t\t\t\t\t\t                  \t\t\t\t\t\t                  \t\t\t\t\t\t                <\/ul>\n\t\t\t\t\t\t            \t\n\t                        \t                        \t<div >\n\t\t\t\t\t\t\t\t\t\t\t\t\t\t\t<p>Merhaba...kocamla geldim sonunda ikiz otelde en iyi tatilimizi yapt\u0131k.bir\u00e7ok otel bulundum ama kleopatra ikiz otel \u00e7ok g\u00fczel temiz otel.plaj \u00e7ok g\u00fczel..yemekler \u00e7ok g\u00fczel..restoran personeli \u00e7ok iyi hizmet veriyor.iyi biz iyi tatiller..ger\u00e7ekten her ikiz otele gelmek zorunday\u0131m.te\u015fekk\u00fcrler sonsuz te\u015fekk\u00fcrler...te\u015fekk\u00fcrler<\/p>\t\t\t\t\t\t\t\t\t\t\t\t\t\t<\/div>\n\t                        \t                      <\/blockquote>\n\t                    <\/div>\n\t                  <\/div>\n\n\t                <\/div>\n\t                \t              <\/div>\n\t              <div class=\"knsl-testimonials-nav\">\n\t                <div class=\"knsl-testimonials-slider-1-prev\"><i class=\"fas fa-arrow-left\"><\/i><\/div>\n\t                <div class=\"knsl-testimonials-slider-1-next\"><i class=\"fas fa-arrow-right\"><\/i><\/div>\n\t              <\/div>\n\t            <\/div>\n\t            <!-- slider end -->\n\n\t          <\/div>\n\t          \t        <\/div>\n\t      <\/div>\n\t    <\/section>\n\t    <!-- testimonials end -->\n\n\t\t\t\t\t\t<\/div>\n\t\t\t\t<\/div>\n\t\t\t\t\t<\/div>\n\t\t<\/div>\n\t\t\t\t\t<\/div>\n\t\t<\/section>\n\t\t\t\t<\/div>","protected":false},"excerpt":{"rendered":"<p>Crew At Ikiz Hotel, we pride ourselves on our exceptional crew. Our dedicated staff members are committed to providing impeccable&#8230; <span class=\"knsl-el-more\"><a href=\"https:\/\/www.ikizotel.net\/tr\/ekibimiz\/\" class=\"knsl-btn\">Read more<span class=\"screen-reader-text\">Read more&nbsp;Our Team<\/span><\/a><\/span><\/p>","protected":false},"author":1,"featured_media":0,"parent":0,"menu_order":0,"comment_status":"closed","ping_status":"closed","template":"template-layout-builder.php","meta":{"footnotes":""},"class_list":["post-3942","page","type-page","status-publish","hentry"],"acf":[],"_links":{"self":[{"href":"https:\/\/www.ikizotel.net\/tr\/wp-json\/wp\/v2\/pages\/3942","targetHints":{"allow":["GET"]}}],"collection":[{"href":"https:\/\/www.ikizotel.net\/tr\/wp-json\/wp\/v2\/pages"}],"about":[{"href":"https:\/\/www.ikizotel.net\/tr\/wp-json\/wp\/v2\/types\/page"}],"author":[{"embeddable":true,"href":"https:\/\/www.ikizotel.net\/tr\/wp-json\/wp\/v2\/users\/1"}],"replies":[{"embeddable":true,"href":"https:\/\/www.ikizotel.net\/tr\/wp-json\/wp\/v2\/comments?post=3942"}],"version-history":[{"count":0,"href":"https:\/\/www.ikizotel.net\/tr\/wp-json\/wp\/v2\/pages\/3942\/revisions"}],"wp:attachment":[{"href":"https:\/\/www.ikizotel.net\/tr\/wp-json\/wp\/v2\/media?parent=3942"}],"curies":[{"name":"wp","href":"https:\/\/api.w.org\/{rel}","templated":true}]}}