{"id":3814,"date":"2023-07-06T12:46:19","date_gmt":"2023-07-06T09:46:19","guid":{"rendered":"https:\/\/www.ikizotel.net\/?page_id=3814"},"modified":"2023-07-06T12:59:10","modified_gmt":"2023-07-06T09:59:10","slug":"our-sertificates","status":"publish","type":"page","link":"https:\/\/www.ikizotel.net\/tr\/sertifikalarimiz\/","title":{"rendered":"Sertifikalar\u0131m\u0131z"},"content":{"rendered":"<div data-elementor-type=\"wp-page\" data-elementor-id=\"3814\" class=\"elementor elementor-3814\" data-elementor-post-type=\"page\">\n\t\t\t\t\t\t<section class=\"elementor-section elementor-top-section elementor-element elementor-element-9b22940 elementor-section-boxed elementor-section-height-default elementor-section-height-default\" data-id=\"9b22940\" data-element_type=\"section\" data-e-type=\"section\">\n\t\t\t\t\t\t<div class=\"elementor-container elementor-column-gap-default\">\n\t\t\t\t\t<div class=\"elementor-column elementor-col-100 elementor-top-column elementor-element elementor-element-e35f926\" data-id=\"e35f926\" data-element_type=\"column\" data-e-type=\"column\">\n\t\t\t<div class=\"elementor-widget-wrap elementor-element-populated\">\n\t\t\t\t\t\t<div class=\"elementor-element elementor-element-e7fea4a elementor-widget elementor-widget-kinsley-intro\" data-id=\"e7fea4a\" data-element_type=\"widget\" data-e-type=\"widget\" data-widget_type=\"kinsley-intro.default\">\n\t\t\t\t<div class=\"elementor-widget-container\">\n\t\t\t\t\t\n    <!-- banner -->\n    <section class=\"knsl-banner-simple knsl-transition-bottom\">\n      \n\t\t\t\t<img decoding=\"async\" src=\"https:\/\/www.ikizotel.net\/wp-content\/themes\/kinsley\/assets\/img\/palm.svg\" class=\"knsl-deco-left\" alt=\"palm\" \/>\n\t\t<img decoding=\"async\" src=\"https:\/\/www.ikizotel.net\/wp-content\/themes\/kinsley\/assets\/img\/palm.svg\" class=\"knsl-deco-right\" alt=\"palm\" \/>\n\t\t\n\t\n      <div class=\"container\">\n        <div class=\"row\">\n          <div class=\"col-lg-12\">\n\n            <div class=\"knsl-center knsl-title-frame\">\n                            <h1 class=\"knsl-title--h knsl-mb-20 knsl-h1-inner\">\n                <span >\n                    Sertifikalar\u0131m\u0131z                <\/span>\n              <\/h1>\n                                          <p class=\"knsl-text knsl-mb-30\">\n                <span >\n                    \u0130kiz Otel'de M\u00fckemmellik! \u0130kiz Hotel'de, ola\u011fan\u00fcst\u00fc kalite ve hizmet sunma taahh\u00fcd\u00fcm\u00fcz\u00fc yans\u0131tan prestijli sertifikalara sahip olmaktan gurur duyuyoruz.                 <\/span>\n              <\/p>\n              \n              <ul class=\"knsl-breadcrumbs\"><li><a href=\"https:\/\/www.ikizotel.net\/tr\" title=\"\u0130kiz Otel\">Ana sayfa<\/a><\/li><li class=\"tst-active\"><a><\/a><\/li><\/ul>\n            <\/div>\n\n          <\/div>\n        <\/div>\n      <\/div>\n    <\/section>\n    <!-- banner end -->\n\n\t\t\t\t\t\t<\/div>\n\t\t\t\t<\/div>\n\t\t\t\t\t<\/div>\n\t\t<\/div>\n\t\t\t\t\t<\/div>\n\t\t<\/section>\n\t\t\t\t<section class=\"elementor-section elementor-top-section elementor-element elementor-element-312e78b elementor-section-boxed elementor-section-height-default elementor-section-height-default\" data-id=\"312e78b\" data-element_type=\"section\" data-e-type=\"section\" data-settings=\"{&quot;background_background&quot;:&quot;classic&quot;}\">\n\t\t\t\t\t\t<div class=\"elementor-container elementor-column-gap-default\">\n\t\t\t\t\t<div class=\"elementor-column elementor-col-100 elementor-top-column elementor-element elementor-element-537a63d\" data-id=\"537a63d\" data-element_type=\"column\" data-e-type=\"column\">\n\t\t\t<div class=\"elementor-widget-wrap elementor-element-populated\">\n\t\t\t\t\t\t<div class=\"elementor-element elementor-element-2223935 elementor-widget elementor-widget-kinsley-about-gallery\" data-id=\"2223935\" data-element_type=\"widget\" data-e-type=\"widget\" data-widget_type=\"kinsley-about-gallery.default\">\n\t\t\t\t<div class=\"elementor-widget-container\">\n\t\t\t\t\t\n\t\t<!-- gallery -->\n\t  <section class=\"knsl-transition-none knsl-p-0-100\">\n    \t\n\t\t\t\t<img decoding=\"async\" src=\"https:\/\/www.ikizotel.net\/wp-content\/themes\/kinsley\/assets\/img\/palm.svg\" class=\"knsl-deco-left\" alt=\"palm\" \/>\n\t\t\n\t\n      <div class=\"container\">\n        <div class=\"row align-items-center\">\n                    <div class=\"col-lg-12\">\n\n            <div class=\"knsl-center knsl-title-frame knsl-scroll-animation knsl-mb-100\">\n                            <h2 class=\"knsl-title--h knsl-mb-20\">\n              \t<span >\n\t\t\t\t          \tSertifikalar\u0131m\u0131z\t\t\t\t        <\/span>\n              <\/h2>\n                                          <div class=\"knsl-text knsl-mb-30\">\n              \t<p>\n              \t\t<span >\n\t\t\t\t          \t\tTan\u0131m\t\t\t\t        \t<\/span>\n\t\t\t\t        <\/p>\n              <\/div>\n                                        <\/div>\n\n          <\/div>\n          \n                    <div class=\"col-lg-12\">\n\n            <!-- slider -->\n            <div class=\"swiper-container knsl-about-slider knsl-scroll-animation\">\n              <div class=\"swiper-wrapper\">\n                                <div class=\"swiper-slide\">\n\n                  <!-- gallery item -->\n                  <div class=\"knsl-image-frame\">\n                  \t                    \t\t\t\t\t<a data-elementor-lightbox-slideshow=\"about-gallery\" data-elementor-lightbox-title=\"Sertificate\" href=\"https:\/\/www.ikizotel.net\/wp-content\/uploads\/2023\/07\/KLEOPATRA_YKYZ_ENG_page-0001-1920x2717.jpg\">\n\t\t\t\t\t                      <img decoding=\"async\" src=\"https:\/\/www.ikizotel.net\/wp-content\/uploads\/2023\/07\/KLEOPATRA_YKYZ_ENG_page-0001-950x1344.jpg\" alt=\"Sertifika\" \/>\n                                            <div class=\"knsl-badge\">\n                      \t<span >\n\t\t\t\t\t\t\tSertifika\t\t\t\t\t\t<\/span>\n                      <\/div>\n                                            <span class=\"knsl-zoom\"><i class=\"fas fa-search-plus\"><\/i><\/span>\n                    <\/a>\n                                      <\/div>\n                  <!-- gallery item end -->\n\n                <\/div>\n                                <div class=\"swiper-slide\">\n\n                  <!-- gallery item -->\n                  <div class=\"knsl-image-frame\">\n                  \t                    \t\t\t\t\t<a data-elementor-lightbox-slideshow=\"about-gallery\" data-elementor-lightbox-title=\"Sertificate\" href=\"https:\/\/www.ikizotel.net\/wp-content\/uploads\/2023\/07\/COVYD_SERTYFYKA_001.jpg\">\n\t\t\t\t\t                      <img decoding=\"async\" src=\"https:\/\/www.ikizotel.net\/wp-content\/uploads\/2023\/07\/COVYD_SERTYFYKA_001-950x1307.jpg\" alt=\"Sertifika\" \/>\n                                            <div class=\"knsl-badge\">\n                      \t<span >\n\t\t\t\t\t\t\tSertifika\t\t\t\t\t\t<\/span>\n                      <\/div>\n                                            <span class=\"knsl-zoom\"><i class=\"fas fa-search-plus\"><\/i><\/span>\n                    <\/a>\n                                      <\/div>\n                  <!-- gallery item end -->\n\n                <\/div>\n                                <div class=\"swiper-slide\">\n\n                  <!-- gallery item -->\n                  <div class=\"knsl-image-frame\">\n                  \t                    \t\t\t\t\t<a data-elementor-lightbox-slideshow=\"about-gallery\" data-elementor-lightbox-title=\"Sertificate\" href=\"https:\/\/www.ikizotel.net\/wp-content\/uploads\/2023\/07\/Kleopatra_Ykiz_ALTYD_UYELYK.jpg\">\n\t\t\t\t\t                      <img decoding=\"async\" src=\"https:\/\/www.ikizotel.net\/wp-content\/uploads\/2023\/07\/Kleopatra_Ykiz_ALTYD_UYELYK-950x1307.jpg\" alt=\"Sertifika\" \/>\n                                            <div class=\"knsl-badge\">\n                      \t<span >\n\t\t\t\t\t\t\tSertifika\t\t\t\t\t\t<\/span>\n                      <\/div>\n                                            <span class=\"knsl-zoom\"><i class=\"fas fa-search-plus\"><\/i><\/span>\n                    <\/a>\n                                      <\/div>\n                  <!-- gallery item end -->\n\n                <\/div>\n                                <div class=\"swiper-slide\">\n\n                  <!-- gallery item -->\n                  <div class=\"knsl-image-frame\">\n                  \t                    \t\t\t\t\t<a data-elementor-lightbox-slideshow=\"about-gallery\" data-elementor-lightbox-title=\"Sertificate\" href=\"https:\/\/www.ikizotel.net\/wp-content\/uploads\/2023\/07\/turizm_iYletim_belgesi_001.jpg\">\n\t\t\t\t\t                      <img decoding=\"async\" src=\"https:\/\/www.ikizotel.net\/wp-content\/uploads\/2023\/07\/turizm_iYletim_belgesi_001-950x1307.jpg\" alt=\"Sertifika\" \/>\n                                            <div class=\"knsl-badge\">\n                      \t<span >\n\t\t\t\t\t\t\tSertifika\t\t\t\t\t\t<\/span>\n                      <\/div>\n                                            <span class=\"knsl-zoom\"><i class=\"fas fa-search-plus\"><\/i><\/span>\n                    <\/a>\n                                      <\/div>\n                  <!-- gallery item end -->\n\n                <\/div>\n                              <\/div>\n\n              <!-- slider navigation -->\n              <div class=\"knsl-slider-nav-panel\">\n                <!-- pagination -->\n                <div class=\"knsl-about-slider-1-pagination\"><\/div>\n                <!-- navigation -->\n                <div class=\"knsl-about-slider-nav\">\n                  <div class=\"knsl-about-slider-1-prev\"><i class=\"fas fa-arrow-left\"><\/i><\/div>\n                  <div class=\"knsl-about-slider-1-next\"><i class=\"fas fa-arrow-right\"><\/i><\/div>\n                <\/div>\n                <!-- navigation end -->\n              <\/div>\n              <!-- slider navigation end -->\n\n            <\/div>\n            <!-- slider end -->\n\n          <\/div>\n          \n        <\/div>\n      <\/div>\n\n    <\/section>\n    <!-- gallery end -->\n\n\t\t\t\t\t\t<\/div>\n\t\t\t\t<\/div>\n\t\t\t\t\t<\/div>\n\t\t<\/div>\n\t\t\t\t\t<\/div>\n\t\t<\/section>\n\t\t\t\t<section class=\"elementor-section elementor-top-section elementor-element elementor-element-3f223694 elementor-section-full_width elementor-section-height-default elementor-section-height-default\" data-id=\"3f223694\" data-element_type=\"section\" data-e-type=\"section\" data-settings=\"{&quot;background_background&quot;:&quot;classic&quot;}\">\n\t\t\t\t\t\t<div class=\"elementor-container elementor-column-gap-no\">\n\t\t\t\t\t<div class=\"elementor-column elementor-col-100 elementor-top-column elementor-element elementor-element-6b357f7a\" data-id=\"6b357f7a\" data-element_type=\"column\" data-e-type=\"column\">\n\t\t\t<div class=\"elementor-widget-wrap elementor-element-populated\">\n\t\t\t\t\t\t<div class=\"elementor-element elementor-element-7866546e elementor-widget elementor-widget-kinsley-testimonials\" data-id=\"7866546e\" data-element_type=\"widget\" data-e-type=\"widget\" data-widget_type=\"kinsley-testimonials.default\">\n\t\t\t\t<div class=\"elementor-widget-container\">\n\t\t\t\t\t\n\t\t<!-- testimonials -->\n\t    <section class=\"knsl-transition-none knsl-p-0-80\">\n\t      \n\t\t\t\t<img decoding=\"async\" src=\"https:\/\/www.ikizotel.net\/wp-content\/themes\/kinsley\/assets\/img\/palm.svg\" class=\"knsl-deco-left\" alt=\"palm\" \/>\n\t\t\n\t\n\t      <div class=\"container\">\n\t        <div class=\"row justify-content-center\">\n\t          \t          <div class=\"col-lg-12\">\n\n\t            <div class=\"knsl-center knsl-title-frame knsl-scroll-animation knsl-mb-80\">\n\t              \t              <h2 class=\"knsl-title--h knsl-mb-20\">\n\t              \t<span >\n\t\t\t\t\t          \tMisafirlerimizden Geri Bildirim\t\t\t\t\t        <\/span>\n\t              <\/h2>\n\t              \t              \t\t\t\t\t\t\t\t<div class=\"knsl-text\">\n\t\t\t\t\t\t\t\t\t<p>\n\t\t              \t<span >\n\t\t\t\t\t          \t\tSizin Sesiniz, Bizim \u0130lham\u0131m\u0131z! \u0130kiz Hotel olarak siz de\u011ferli misafirlerimizin g\u00f6r\u00fc\u015f ve deneyimlerine de\u011fer veriyoruz. \t\t\t\t\t        \t<\/span>\n\t\t              <\/p>\n\t\t\t\t\t\t\t\t<\/div>\n\t              \t            <\/div>\n\n\t          <\/div>\n\t          \t          \t          <div class=\"col-lg-6\">\n\n\t            <!-- slider -->\n\t            <div class=\"swiper-slider knsl-testimonials-slider knsl-scroll-animation\">\n\t              <div class=\"swiper-wrapper\">\n\t                \t                <div class=\"swiper-slide\">\n\n\t                  <div class=\"knsl-testimonial-card\">\n\t                    \t                    <div class=\"knsl-avatar-frame\">\n\t                      <img decoding=\"async\" src=\"https:\/\/www.ikizotel.net\/wp-content\/uploads\/2021\/10\/faces-1-140x140.jpg\" alt=\"Avtor Otzivov\" \/>\n\t                    <\/div>\n\t                    \t                    <div class=\"knsl-name-and-text\">\n\t                      \t                      <h3 class=\"knsl-mb-10\">\n\t                      \t<span >\n\t\t\t\t\t\t\t\t\t\t\t\t\t\tAvtor Otzivov\t\t\t\t\t\t\t\t\t\t\t\t\t<\/span>\n\t                      <\/h3>\n\t                      \t                      \t                      <div class=\"knsl-subtitle--h\">\n\t                      \t<span >\n\t\t\t\t\t\t\t\t\t\t\t\t\t\tRusya&#039;dan\t\t\t\t\t\t\t\t\t\t\t\t\t<\/span>\n\t                      <\/div>\n\t                      \t                      <blockquote>\n\t                        \t\t\t\t\t\t                <ul class=\"knsl-stars\">\n\t\t\t\t\t\t                  \t\t\t\t\t\t                  \t\t\t\t\t\t                  <li><i class=\"fas fa-star\"><\/i><\/li>\n\t\t\t\t\t\t                  \t\t\t\t\t\t                  \t\t\t\t\t\t                  \t\t\t\t\t\t                  <li><i class=\"fas fa-star\"><\/i><\/li>\n\t\t\t\t\t\t                  \t\t\t\t\t\t                  \t\t\t\t\t\t                  \t\t\t\t\t\t                  <li><i class=\"fas fa-star\"><\/i><\/li>\n\t\t\t\t\t\t                  \t\t\t\t\t\t                  \t\t\t\t\t\t                  \t\t\t\t\t\t                  <li><i class=\"fas fa-star\"><\/i><\/li>\n\t\t\t\t\t\t                  \t\t\t\t\t\t                  \t\t\t\t\t\t                  \t\t\t\t\t\t                  <li><i class=\"fas fa-star\"><\/i><\/li>\n\t\t\t\t\t\t                  \t\t\t\t\t\t                  \t\t\t\t\t\t                <\/ul>\n\t\t\t\t\t\t            \t\n\t                        \t                        \t<div >\n\t\t\t\t\t\t\t\t\t\t\t\t\t\t\t<p id=\"tw-target-text\" class=\"tw-data-text tw-text-large tw-ta\" dir=\"ltr\" data-placeholder=\"\u00c7eviri\">Yerle\u015fme. 14:00'da standart. Odaya (ilk binada 301 numara) bizzat m\u00fcd\u00fcr Bahtiyar e\u015flik etti. Onunla, hemen her \u015feyi kontrol ettiler, b\u00f6ylece akmas\u0131 ve a\u00e7\u0131lmas\u0131 gereken her \u015fey sa\u011fland\u0131.<\/p>\t\t\t\t\t\t\t\t\t\t\t\t\t\t<\/div>\n\t                        \t                      <\/blockquote>\n\t                    <\/div>\n\t                  <\/div>\n\n\t                <\/div>\n\t                \t                <div class=\"swiper-slide\">\n\n\t                  <div class=\"knsl-testimonial-card\">\n\t                    \t                    <div class=\"knsl-avatar-frame\">\n\t                      <img decoding=\"async\" src=\"https:\/\/www.ikizotel.net\/wp-content\/uploads\/2021\/10\/faces-2-140x140.jpg\" alt=\"Alexsey Beringer\" \/>\n\t                    <\/div>\n\t                    \t                    <div class=\"knsl-name-and-text\">\n\t                      \t                      <h3 class=\"knsl-mb-10\">\n\t                      \t<span >\n\t\t\t\t\t\t\t\t\t\t\t\t\t\tAlexsey Beringer\t\t\t\t\t\t\t\t\t\t\t\t\t<\/span>\n\t                      <\/h3>\n\t                      \t                      \t                      <div class=\"knsl-subtitle--h\">\n\t                      \t<span >\n\t\t\t\t\t\t\t\t\t\t\t\t\t\tRusya&#039;dan\t\t\t\t\t\t\t\t\t\t\t\t\t<\/span>\n\t                      <\/div>\n\t                      \t                      <blockquote>\n\t                        \t\t\t\t\t\t                <ul class=\"knsl-stars\">\n\t\t\t\t\t\t                  \t\t\t\t\t\t                  \t\t\t\t\t\t                  <li><i class=\"fas fa-star\"><\/i><\/li>\n\t\t\t\t\t\t                  \t\t\t\t\t\t                  \t\t\t\t\t\t                  \t\t\t\t\t\t                  <li><i class=\"fas fa-star\"><\/i><\/li>\n\t\t\t\t\t\t                  \t\t\t\t\t\t                  \t\t\t\t\t\t                  \t\t\t\t\t\t                  <li><i class=\"fas fa-star\"><\/i><\/li>\n\t\t\t\t\t\t                  \t\t\t\t\t\t                  \t\t\t\t\t\t                  \t\t\t\t\t\t                  <li><i class=\"fas fa-star\"><\/i><\/li>\n\t\t\t\t\t\t                  \t\t\t\t\t\t                  \t\t\t\t\t\t                  \t\t\t\t\t\t                  <li><i class=\"fas fa-star\"><\/i><\/li>\n\t\t\t\t\t\t                  \t\t\t\t\t\t                  \t\t\t\t\t\t                <\/ul>\n\t\t\t\t\t\t            \t\n\t                        \t                        \t<div >\n\t\t\t\t\t\t\t\t\t\t\t\t\t\t\t<p>Yurtd\u0131\u015f\u0131na ilk seyahat deneyimi \u00e7ok \u00f6nemlidir. Burada oldu\u011fum i\u00e7in \u015fansl\u0131y\u0131m. Bu otel, para i\u00e7in sadece bir peri masal\u0131 oldu\u011fu ortaya \u00e7\u0131kt\u0131 ve tesisteki 2-3 g\u00fcnl\u00fck kal\u0131\u015f\u0131m\u0131z\u0131n unutulmaz olmas\u0131n\u0131 sa\u011flamaya yard\u0131mc\u0131 oldu. Zengin ve \u00e7e\u015fitli yedik, kliman\u0131n alt\u0131nda rahat\u00e7a uyuduk, rahat bir du\u015fta y\u0131kand\u0131k.<\/p>\t\t\t\t\t\t\t\t\t\t\t\t\t\t<\/div>\n\t                        \t                      <\/blockquote>\n\t                    <\/div>\n\t                  <\/div>\n\n\t                <\/div>\n\t                \t                <div class=\"swiper-slide\">\n\n\t                  <div class=\"knsl-testimonial-card\">\n\t                    \t                    <div class=\"knsl-avatar-frame\">\n\t                      <img decoding=\"async\" src=\"https:\/\/www.ikizotel.net\/wp-content\/uploads\/2021\/10\/faces-3-scaled-1-140x140.jpg\" alt=\"Elena An\" \/>\n\t                    <\/div>\n\t                    \t                    <div class=\"knsl-name-and-text\">\n\t                      \t                      <h3 class=\"knsl-mb-10\">\n\t                      \t<span >\n\t\t\t\t\t\t\t\t\t\t\t\t\t\tElena An\t\t\t\t\t\t\t\t\t\t\t\t\t<\/span>\n\t                      <\/h3>\n\t                      \t                      \t                      <div class=\"knsl-subtitle--h\">\n\t                      \t<span >\n\t\t\t\t\t\t\t\t\t\t\t\t\t\tAlmanyadan\t\t\t\t\t\t\t\t\t\t\t\t\t<\/span>\n\t                      <\/div>\n\t                      \t                      <blockquote>\n\t                        \t\t\t\t\t\t                <ul class=\"knsl-stars\">\n\t\t\t\t\t\t                  \t\t\t\t\t\t                  \t\t\t\t\t\t                  <li><i class=\"fas fa-star\"><\/i><\/li>\n\t\t\t\t\t\t                  \t\t\t\t\t\t                  \t\t\t\t\t\t                  \t\t\t\t\t\t                  <li><i class=\"fas fa-star\"><\/i><\/li>\n\t\t\t\t\t\t                  \t\t\t\t\t\t                  \t\t\t\t\t\t                  \t\t\t\t\t\t                  <li><i class=\"fas fa-star\"><\/i><\/li>\n\t\t\t\t\t\t                  \t\t\t\t\t\t                  \t\t\t\t\t\t                  \t\t\t\t\t\t                  <li><i class=\"fas fa-star\"><\/i><\/li>\n\t\t\t\t\t\t                  \t\t\t\t\t\t                  \t\t\t\t\t\t                  \t\t\t\t\t\t                  <li><i class=\"fas fa-star\"><\/i><\/li>\n\t\t\t\t\t\t                  \t\t\t\t\t\t                  \t\t\t\t\t\t                <\/ul>\n\t\t\t\t\t\t            \t\n\t                        \t                        \t<div >\n\t\t\t\t\t\t\t\t\t\t\t\t\t\t\t<p>Merhaba...kocamla geldim sonunda ikiz otelde en iyi tatilimizi yapt\u0131k.bir\u00e7ok otel bulundum ama kleopatra ikiz otel \u00e7ok g\u00fczel temiz otel.plaj \u00e7ok g\u00fczel..yemekler \u00e7ok g\u00fczel..restoran personeli \u00e7ok iyi hizmet veriyor.iyi biz iyi tatiller..ger\u00e7ekten her ikiz otele gelmek zorunday\u0131m.te\u015fekk\u00fcrler sonsuz te\u015fekk\u00fcrler...te\u015fekk\u00fcrler<\/p>\t\t\t\t\t\t\t\t\t\t\t\t\t\t<\/div>\n\t                        \t                      <\/blockquote>\n\t                    <\/div>\n\t                  <\/div>\n\n\t                <\/div>\n\t                \t              <\/div>\n\t              <div class=\"knsl-testimonials-nav\">\n\t                <div class=\"knsl-testimonials-slider-1-prev\"><i class=\"fas fa-arrow-left\"><\/i><\/div>\n\t                <div class=\"knsl-testimonials-slider-1-next\"><i class=\"fas fa-arrow-right\"><\/i><\/div>\n\t              <\/div>\n\t            <\/div>\n\t            <!-- slider end -->\n\n\t          <\/div>\n\t          \t        <\/div>\n\t      <\/div>\n\t    <\/section>\n\t    <!-- testimonials end -->\n\n\t\t\t\t\t\t<\/div>\n\t\t\t\t<\/div>\n\t\t\t\t\t<\/div>\n\t\t<\/div>\n\t\t\t\t\t<\/div>\n\t\t<\/section>\n\t\t\t\t<\/div>","protected":false},"excerpt":{"rendered":"<p>Our Sertificates A Testament to Excellence at Ikiz Hotel! At Ikiz Hotel, we are proud to hold a collection of&#8230; <span class=\"knsl-el-more\"><a href=\"https:\/\/www.ikizotel.net\/tr\/sertifikalarimiz\/\" class=\"knsl-btn\">Read more<span class=\"screen-reader-text\">Read more&nbsp;Our Sertificates<\/span><\/a><\/span><\/p>","protected":false},"author":1,"featured_media":0,"parent":0,"menu_order":0,"comment_status":"closed","ping_status":"closed","template":"template-layout-builder.php","meta":{"footnotes":""},"class_list":["post-3814","page","type-page","status-publish","hentry"],"acf":[],"_links":{"self":[{"href":"https:\/\/www.ikizotel.net\/tr\/wp-json\/wp\/v2\/pages\/3814","targetHints":{"allow":["GET"]}}],"collection":[{"href":"https:\/\/www.ikizotel.net\/tr\/wp-json\/wp\/v2\/pages"}],"about":[{"href":"https:\/\/www.ikizotel.net\/tr\/wp-json\/wp\/v2\/types\/page"}],"author":[{"embeddable":true,"href":"https:\/\/www.ikizotel.net\/tr\/wp-json\/wp\/v2\/users\/1"}],"replies":[{"embeddable":true,"href":"https:\/\/www.ikizotel.net\/tr\/wp-json\/wp\/v2\/comments?post=3814"}],"version-history":[{"count":0,"href":"https:\/\/www.ikizotel.net\/tr\/wp-json\/wp\/v2\/pages\/3814\/revisions"}],"wp:attachment":[{"href":"https:\/\/www.ikizotel.net\/tr\/wp-json\/wp\/v2\/media?parent=3814"}],"curies":[{"name":"wp","href":"https:\/\/api.w.org\/{rel}","templated":true}]}}