{"id":688,"date":"2021-12-13T19:08:46","date_gmt":"2021-12-13T19:08:46","guid":{"rendered":"https:\/\/kinsley-demo.bslthemes.com\/?page_id=688"},"modified":"2023-07-11T10:13:03","modified_gmt":"2023-07-11T07:13:03","slug":"faq","status":"publish","type":"page","link":"https:\/\/www.ikizotel.net\/en\/faq\/","title":{"rendered":"FAQ"},"content":{"rendered":"\t\t<div data-elementor-type=\"wp-page\" data-elementor-id=\"688\" class=\"elementor elementor-688\" data-elementor-post-type=\"page\">\n\t\t\t\t\t\t<section class=\"elementor-section elementor-top-section elementor-element elementor-element-b227ade elementor-section-full_width elementor-section-height-default elementor-section-height-default\" data-id=\"b227ade\" data-element_type=\"section\" data-e-type=\"section\">\n\t\t\t\t\t\t<div class=\"elementor-container elementor-column-gap-no\">\n\t\t\t\t\t<div class=\"elementor-column elementor-col-100 elementor-top-column elementor-element elementor-element-72ef981\" data-id=\"72ef981\" data-element_type=\"column\" data-e-type=\"column\">\n\t\t\t<div class=\"elementor-widget-wrap elementor-element-populated\">\n\t\t\t\t\t\t<div class=\"elementor-element elementor-element-63d7c74 elementor-widget elementor-widget-kinsley-intro\" data-id=\"63d7c74\" data-element_type=\"widget\" data-e-type=\"widget\" data-widget_type=\"kinsley-intro.default\">\n\t\t\t\t<div class=\"elementor-widget-container\">\n\t\t\t\t\t\n    <!-- banner -->\n    <section class=\"knsl-banner-simple knsl-transition-bottom\">\n      \n\t\t\t\t<img decoding=\"async\" src=\"https:\/\/www.ikizotel.net\/wp-content\/themes\/kinsley\/assets\/img\/palm.svg\" class=\"knsl-deco-left\" alt=\"palm\" \/>\n\t\t<img decoding=\"async\" src=\"https:\/\/www.ikizotel.net\/wp-content\/themes\/kinsley\/assets\/img\/palm.svg\" class=\"knsl-deco-right\" alt=\"palm\" \/>\n\t\t\n\t\n      <div class=\"container\">\n        <div class=\"row\">\n          <div class=\"col-lg-12\">\n\n            <div class=\"knsl-center knsl-title-frame\">\n                            <h1 class=\"knsl-title--h knsl-mb-20 knsl-h1-inner\">\n                <span >\n                    Frequently Asked Questions                <\/span>\n              <\/h1>\n                                          <p class=\"knsl-text knsl-mb-30\">\n                <span >\n                    Your Guide to a Seamless Stay at Ikiz Hotel! We understand that planning a trip can raise questions, and at Ikiz Hotel, we're here to provide you with all the answers.                 <\/span>\n              <\/p>\n              \n              <ul class=\"knsl-breadcrumbs\"><li><a href=\"https:\/\/www.ikizotel.net\/en\" title=\"Ikiz Hotel\">Home<\/a><\/li><li class=\"tst-active\"><a><\/a><\/li><\/ul>\n            <\/div>\n\n          <\/div>\n        <\/div>\n      <\/div>\n    <\/section>\n    <!-- banner end -->\n\n\t\t\t\t\t\t<\/div>\n\t\t\t\t<\/div>\n\t\t\t\t\t<\/div>\n\t\t<\/div>\n\t\t\t\t\t<\/div>\n\t\t<\/section>\n\t\t\t\t<section class=\"elementor-section elementor-top-section elementor-element elementor-element-22fca77 elementor-section-full_width elementor-section-height-default elementor-section-height-default\" data-id=\"22fca77\" data-element_type=\"section\" data-e-type=\"section\" data-settings=\"{&quot;background_background&quot;:&quot;classic&quot;}\">\n\t\t\t\t\t\t<div class=\"elementor-container elementor-column-gap-no\">\n\t\t\t\t\t<div class=\"elementor-column elementor-col-100 elementor-top-column elementor-element elementor-element-a2d9c7a\" data-id=\"a2d9c7a\" data-element_type=\"column\" data-e-type=\"column\">\n\t\t\t<div class=\"elementor-widget-wrap elementor-element-populated\">\n\t\t\t\t\t\t<div class=\"elementor-element elementor-element-a0aef6d elementor-widget elementor-widget-kinsley-faq-list\" data-id=\"a0aef6d\" data-element_type=\"widget\" data-e-type=\"widget\" data-widget_type=\"kinsley-faq-list.default\">\n\t\t\t\t<div class=\"elementor-widget-container\">\n\t\t\t\t\t\n\t\t<!-- faq -->\n    <div class=\"container knsl-p-0-100\">\n\t\t\t\n\t\t\t<div class=\"row\" data-sticky-container>\n\n        <div class=\"col-lg-3\">\n\t\t\t\t\t          <!-- side form -->\n          <div class=\"knsl-sticky knsl-stycky-left\" data-margin-top=\"110\">\n\t\t\t\t\t\t            <h3 class=\"knsl-mb-30\">\n\t\t\t\t\t\t\t<span >\n\t\t\t\t\t\t\t\t\tCategories\t\t\t\t\t\t\t<\/span>\n\t\t\t\t\t\t<\/h3>\n\t\t\t\t\t\t\n            <ul class=\"knsl-side-menu\">\n\t\t\t\t\t\t\t\t\t\t\t\t\t\t<li><a href=\"#faq-55\" class=\"knsl-sm-link knsl-active\">Hotel<\/a><\/li>\n\t\t\t\t\t\t\t            <\/ul>\n\n          <\/div>\n          <!-- side form end -->\n\t\t\t\t\t        <\/div>\n        <div class=\"col-lg-9\">\n          <section>\n\t\t\t\t\t\t            <div id=\"accordion\">\n\t\t\t\t\t\t\t              <h3 class=\"knsl-mb-30\">Hotel<\/h3>\n              <div class=\"knsl-faq knsl-mb-60\" id=\"faq-55\">\n\t\t\t\t\t\t\t\t\n\n<div class=\"card\">\n\t<div class=\"card-header\" id=\"knsl-faqHeading-3809\">\n\t\t<div class=\"mb-0\">\n\t\t\t<div class=\"knsl-faq-title\" data-toggle=\"collapse\" data-target=\"#knsl-faqCollapse-3809\" data-aria-expanded=\"true\" data-aria-controls=\"knsl-faqCollapse-3809\">\n\t\t\t\t<span class=\"badge\">1<\/span>\n\t\t\t\tHow can I make a reservation?\t\t\t<\/div>\n\t\t<\/div>\n\t<\/div>\n\t<div id=\"knsl-faqCollapse-3809\" class=\"collapse\" aria-labelledby=\"knsl-faqHeading-3809\" data-parent=\"#accordion\">\n\t\t<div class=\"knsl-card-body\">\n\t\t\t<p>You can make it by filling out the form in the reservation section of our official website, www.ikizotel.net, or by calling the Reservation Line at +90 242 513 31 55.<\/p>\n\t\t<\/div>\n\t<\/div>\n<\/div>\n\n\n<div class=\"card\">\n\t<div class=\"card-header\" id=\"knsl-faqHeading-3807\">\n\t\t<div class=\"mb-0\">\n\t\t\t<div class=\"knsl-faq-title\" data-toggle=\"collapse\" data-target=\"#knsl-faqCollapse-3807\" data-aria-expanded=\"true\" data-aria-controls=\"knsl-faqCollapse-3807\">\n\t\t\t\t<span class=\"badge\">2<\/span>\n\t\t\t\tHow can I make the payment?\t\t\t<\/div>\n\t\t<\/div>\n\t<\/div>\n\t<div id=\"knsl-faqCollapse-3807\" class=\"collapse\" aria-labelledby=\"knsl-faqHeading-3807\" data-parent=\"#accordion\">\n\t\t<div class=\"knsl-card-body\">\n\t\t\t<p>You can make your payment by cash, bank transfer or Mastercard, Visa card during your check-in provided that you pay in full.<\/p>\n\t\t<\/div>\n\t<\/div>\n<\/div>\n\n\n<div class=\"card\">\n\t<div class=\"card-header\" id=\"knsl-faqHeading-3805\">\n\t\t<div class=\"mb-0\">\n\t\t\t<div class=\"knsl-faq-title\" data-toggle=\"collapse\" data-target=\"#knsl-faqCollapse-3805\" data-aria-expanded=\"true\" data-aria-controls=\"knsl-faqCollapse-3805\">\n\t\t\t\t<span class=\"badge\">3<\/span>\n\t\t\t\tHow far is the hotel from the sea?\t\t\t<\/div>\n\t\t<\/div>\n\t<\/div>\n\t<div id=\"knsl-faqCollapse-3805\" class=\"collapse\" aria-labelledby=\"knsl-faqHeading-3805\" data-parent=\"#accordion\">\n\t\t<div class=\"knsl-card-body\">\n\t\t\t<p>The distance from Cleopatra \u0130kiz Hotel to the beach is only 50 meters by walking; There is only a one-way one-lane road between the hotel and the beach.<\/p>\n\t\t<\/div>\n\t<\/div>\n<\/div>\n\n\n<div class=\"card\">\n\t<div class=\"card-header\" id=\"knsl-faqHeading-3803\">\n\t\t<div class=\"mb-0\">\n\t\t\t<div class=\"knsl-faq-title\" data-toggle=\"collapse\" data-target=\"#knsl-faqCollapse-3803\" data-aria-expanded=\"true\" data-aria-controls=\"knsl-faqCollapse-3803\">\n\t\t\t\t<span class=\"badge\">4<\/span>\n\t\t\t\tWhat are the shopping malls close to the hotel?\t\t\t<\/div>\n\t\t<\/div>\n\t<\/div>\n\t<div id=\"knsl-faqCollapse-3803\" class=\"collapse\" aria-labelledby=\"knsl-faqHeading-3803\" data-parent=\"#accordion\">\n\t\t<div class=\"knsl-card-body\">\n\t\t\t<p>The nearest shopping center is 6 km from our hotels. It is Alanyum, and other shopping centers in Alanya are at the same distance. There are shops around our hotel where you can shop.<\/p>\n\t\t<\/div>\n\t<\/div>\n<\/div>\n\n\n<div class=\"card\">\n\t<div class=\"card-header\" id=\"knsl-faqHeading-3801\">\n\t\t<div class=\"mb-0\">\n\t\t\t<div class=\"knsl-faq-title\" data-toggle=\"collapse\" data-target=\"#knsl-faqCollapse-3801\" data-aria-expanded=\"true\" data-aria-controls=\"knsl-faqCollapse-3801\">\n\t\t\t\t<span class=\"badge\">5<\/span>\n\t\t\t\tHow is transportation to the city center provided?\t\t\t<\/div>\n\t\t<\/div>\n\t<\/div>\n\t<div id=\"knsl-faqCollapse-3801\" class=\"collapse\" aria-labelledby=\"knsl-faqHeading-3801\" data-parent=\"#accordion\">\n\t\t<div class=\"knsl-card-body\">\n\t\t\t<p>Otellerimizin \u00f6n\u00fcnden 15 dakikada bir toplu ta\u015f\u0131m ara\u00e7lar\u0131 ge\u00e7mekte olup \u015fehir merkezine y\u00fcr\u00fcy\u00fc\u015f mesafesi ortalama 20 dakikada ula\u015f\u0131m sa\u011flamaktad\u0131rlar. Ayr\u0131ca taksi imkan\u0131 da bulunmaktad\u0131r.<\/p>\n\t\t<\/div>\n\t<\/div>\n<\/div>\n\n\n<div class=\"card\">\n\t<div class=\"card-header\" id=\"knsl-faqHeading-3799\">\n\t\t<div class=\"mb-0\">\n\t\t\t<div class=\"knsl-faq-title\" data-toggle=\"collapse\" data-target=\"#knsl-faqCollapse-3799\" data-aria-expanded=\"true\" data-aria-controls=\"knsl-faqCollapse-3799\">\n\t\t\t\t<span class=\"badge\">6<\/span>\n\t\t\t\tDoes your hotel have an internet connection?\t\t\t<\/div>\n\t\t<\/div>\n\t<\/div>\n\t<div id=\"knsl-faqCollapse-3799\" class=\"collapse\" aria-labelledby=\"knsl-faqHeading-3799\" data-parent=\"#accordion\">\n\t\t<div class=\"knsl-card-body\">\n\t\t\t<p>Our guests who want to use the internet connection at Kleopatra \u0130kiz Hotel can use the Wireless Internet free of charge at points such as the Reception and Conference Hall.<\/p>\n\t\t<\/div>\n\t<\/div>\n<\/div>\n\n              <\/div>\n\t\t\t\t\t\t\t            <\/div>\n\t\t\t\t\t\t          <\/section>\n\n\t\t\t\t\t          <section>\n            <div class=\"row\">\n              <div class=\"col-lg-12\">\n\t\t\t\t\t\t\t\t\t\t\t\t\t\t\t\t<h3 class=\"knsl-mb-40 knsl-scroll-animation\">\n\t\t\t\t\t\t\t\t\t<span >\n\t\t\t\t\t\t\t\t\t\t\tDidn't find the answer?\t\t\t\t\t\t\t\t\t<\/span>\n\t\t\t\t\t\t\t\t<\/h3>\n\t\t\t\t\t\t\t\t              <\/div>\n\t\t\t\t\t\t\t              <div class=\"col-lg-12\">\n                <div class=\"knsl-scroll-animation-default\">\n                  \n<div class=\"wpcf7 no-js\" id=\"wpcf7-f384-o1\" lang=\"en-US\" dir=\"ltr\" data-wpcf7-id=\"384\">\n<div class=\"screen-reader-response\"><p role=\"status\" aria-live=\"polite\" aria-atomic=\"true\"><\/p> <ul><\/ul><\/div>\n<form action=\"\/en\/wp-json\/wp\/v2\/pages\/688#wpcf7-f384-o1\" method=\"post\" class=\"wpcf7-form init\" aria-label=\"Contact form\" novalidate=\"novalidate\" data-status=\"init\">\n<fieldset class=\"hidden-fields-container\"><input type=\"hidden\" name=\"_wpcf7\" value=\"384\" \/><input type=\"hidden\" name=\"_wpcf7_version\" value=\"6.1.5\" \/><input type=\"hidden\" name=\"_wpcf7_locale\" value=\"en_US\" \/><input type=\"hidden\" name=\"_wpcf7_unit_tag\" value=\"wpcf7-f384-o1\" \/><input type=\"hidden\" name=\"_wpcf7_container_post\" value=\"0\" \/><input type=\"hidden\" name=\"_wpcf7_posted_data_hash\" value=\"\" \/>\n<\/fieldset>\n<div class=\"row\">\n  <div class=\"col-lg-6\">\n    <span class=\"wpcf7-form-control-wrap\" data-name=\"cf-name\"><input size=\"40\" maxlength=\"400\" class=\"wpcf7-form-control wpcf7-text wpcf7-validates-as-required\" aria-required=\"true\" aria-invalid=\"false\" placeholder=\"Name\" value=\"\" type=\"text\" name=\"cf-name\" \/><\/span>\n  <\/div>\n  <div class=\"col-lg-6\">\n    <span class=\"wpcf7-form-control-wrap\" data-name=\"cf-email\"><input size=\"40\" maxlength=\"400\" class=\"wpcf7-form-control wpcf7-email wpcf7-validates-as-required wpcf7-text wpcf7-validates-as-email\" aria-required=\"true\" aria-invalid=\"false\" placeholder=\"Email\" value=\"\" type=\"email\" name=\"cf-email\" \/><\/span>\n  <\/div>\n  <div class=\"col-lg-12\">\n    <span class=\"wpcf7-form-control-wrap\" data-name=\"cf-message\"><textarea cols=\"40\" rows=\"10\" maxlength=\"2000\" class=\"wpcf7-form-control wpcf7-textarea\" aria-invalid=\"false\" placeholder=\"Message\" name=\"cf-message\"><\/textarea><\/span>\n  <\/div>\n  <div class=\"col-lg-12\">\n    <div class=\"knsl-form-submit-frame\">\n      <button type=\"submit\" class=\"knsl-btn\">Send<\/button>\n      <div class=\"knsl-text-sm\">*We promise not to disclose your personal information to third parties.<\/div>\n    <\/div>\n  <\/div>\n<\/div><p style=\"display: none !important;\" class=\"akismet-fields-container\" data-prefix=\"_wpcf7_ak_\"><label>&#916;<textarea name=\"_wpcf7_ak_hp_textarea\" cols=\"45\" rows=\"8\" maxlength=\"100\"><\/textarea><\/label><input type=\"hidden\" id=\"ak_js_1\" name=\"_wpcf7_ak_js\" value=\"37\"\/><script type=\"text\/javascript\">\n\/* <![CDATA[ *\/\ndocument.getElementById( \"ak_js_1\" ).setAttribute( \"value\", ( new Date() ).getTime() );\n\/* ]]> *\/\n<\/script>\n<\/p><div class=\"wpcf7-response-output\" aria-hidden=\"true\"><\/div>\n<\/form>\n<\/div>\n                <\/div>\n              <\/div>\n\t\t\t\t\t\t\t            <\/div>\n          <\/section>\n\t\t\t\t\t        <\/div>\n      <\/div>\n    <\/div>\n    <!-- faq end -->\n\n\t\t\t\t\t\t<\/div>\n\t\t\t\t<\/div>\n\t\t\t\t\t<\/div>\n\t\t<\/div>\n\t\t\t\t\t<\/div>\n\t\t<\/section>\n\t\t\t\t<section class=\"elementor-section elementor-top-section elementor-element elementor-element-2dfa602 elementor-section-full_width elementor-section-height-default elementor-section-height-default\" data-id=\"2dfa602\" data-element_type=\"section\" data-e-type=\"section\" data-settings=\"{&quot;background_background&quot;:&quot;classic&quot;}\">\n\t\t\t\t\t\t<div class=\"elementor-container elementor-column-gap-no\">\n\t\t\t\t\t<div class=\"elementor-column elementor-col-100 elementor-top-column elementor-element elementor-element-991fc23\" data-id=\"991fc23\" data-element_type=\"column\" data-e-type=\"column\">\n\t\t\t<div class=\"elementor-widget-wrap elementor-element-populated\">\n\t\t\t\t\t\t<div class=\"elementor-element elementor-element-ab2d943 elementor-widget elementor-widget-kinsley-blog-grid\" data-id=\"ab2d943\" data-element_type=\"widget\" data-e-type=\"widget\" data-widget_type=\"kinsley-blog-grid.default\">\n\t\t\t\t<div class=\"elementor-widget-container\">\n\t\t\t\t\t\n\t\t<!-- blog -->\n\t  <section class=\"knsl-transition-none knsl-p-0-80\">\n\t      \n\t\t\t\t<img decoding=\"async\" src=\"https:\/\/www.ikizotel.net\/wp-content\/themes\/kinsley\/assets\/img\/palm.svg\" class=\"knsl-deco-right\" alt=\"palm\" \/>\n\t\t\n\t\n\t      <div class=\"container\">\n\t        <div class=\"row  attr-categories-false attr-readmore-false\">\n\t          \t          <div class=\"col-lg-12\">\n\t            <div class=\"knsl-center knsl-title-frame knsl-scroll-animation knsl-mb-100\">\n\t              \t              <h2 class=\"knsl-title--h knsl-mb-20\">\n\t              \t<span >\n\t\t\t\t\t          \tIkiz Hotel News\t\t\t\t\t        <\/span>\n\t              <\/h2>\n\t              \t              \t              <p class=\"knsl-text knsl-mb-30\">\n\t              \t<span >\n\t\t\t\t          \t\tWelcome to Ikiz Hotel News! Stay up-to-date with the latest happenings and exciting updates from our esteemed establishment. From new amenities and services to upcoming events and promotions, we are dedicated to keeping our guests informed and engaged.\t\t\t\t        \t<\/span>\n\t              <\/p>\n\t              \t              \t              <a href=\"\/blog\" class=\"knsl-btn knsl-btn-md\">\n\t              \t<span >\n\t\t\t\t\t          \tAll Publications\t\t\t\t\t        <\/span>\n\t              <\/a>\n\t              \t            <\/div>\n\t          <\/div>\n\t          \n\t          \t          \t          <div class=\"col-lg-4\">\n\n\t          \t\n\n<!-- blog card -->\n<div class=\"knsl-blog-card\">\n  <div id=\"post-1181\" class=\"post-1181 post type-post status-publish format-standard has-post-thumbnail hentry category-travel tag-guide tag-places tag-travel tag-trip\">\n    <div class=\"knsl-cover-frame\">\n    <a href=\"https:\/\/www.ikizotel.net\/en\/the-ultimate-guide-to-traveling-when-you-have-no-money-2\/\">\n    \t    \t<img decoding=\"async\" src=\"https:\/\/www.ikizotel.net\/wp-content\/uploads\/2021\/10\/blog-2-1-950x608.jpg\" alt=\"The Ultimate Guide to Traveling When You Have No Money\" \/>\n    \t    <\/a>\n\t\t<div class=\"knsl-badge\">\n\t\t\tTravel\t\t<\/div>\n  <\/div>\n    <div class=\"knsl-description-frame\">\n    <div class=\"knsl-room-features\">\n      <div class=\"knsl-feature knsl-feature-author\">\n                <div class=\"knsl-icon-frame knsl-icon-author\"><img decoding=\"async\" src=\"https:\/\/secure.gravatar.com\/avatar\/a372a829fcdcca3ff1cffa34277ef80397fc9bcd754f9d5fe271bbb36807074a?s=96&#038;d=mm&#038;r=g\" alt=\"admin\" \/><\/div>\n                <span>admin<\/span>\n      <\/div>\n\n      \t  \t<div class=\"knsl-feature knsl-feature-date\">\n        <div class=\"knsl-icon-frame\"><span class=\"img-svg img-svg-time\"><\/span><\/div>\n        <span>21\/12\/2021<\/span>\n      <\/div>\n\t  \t    <\/div>\n    <a href=\"https:\/\/www.ikizotel.net\/en\/the-ultimate-guide-to-traveling-when-you-have-no-money-2\/\" class=\"knsl-title\">\n      <h4 class=\"knsl-mb-20\">The Ultimate Guide to Traveling When You Have No Money<\/h4>\n    <\/a>\n    <div class=\"knsl-text-light knsl-text-sm\">\n    \t<p>Image for cattle earth. May one Which life divide sea. Commodi soluta minima nemo,&#8230; <span class=\"knsl-el-more\"><a href=\"https:\/\/www.ikizotel.net\/en\/the-ultimate-guide-to-traveling-when-you-have-no-money-2\/\" class=\"knsl-btn\">Read more<span class=\"screen-reader-text\">Read more&nbsp;The Ultimate Guide to Traveling When You Have No Money<\/span><\/a><\/span><\/p>\n    <\/div>\n  <\/div>\n  <\/div>\n<\/div>\n<!-- blog card end -->\n\n\t          <\/div>\n\t          \t          <div class=\"col-lg-4\">\n\n\t          \t\n\n<!-- blog card -->\n<div class=\"knsl-blog-card\">\n  <div id=\"post-1182\" class=\"post-1182 post type-post status-publish format-standard has-post-thumbnail hentry category-travel tag-resort tag-tour tag-travel\">\n    <div class=\"knsl-cover-frame\">\n    <a href=\"https:\/\/www.ikizotel.net\/en\/the-best-travel-insurance-companies-for-seniors-2\/\">\n    \t    \t<img decoding=\"async\" src=\"https:\/\/www.ikizotel.net\/wp-content\/uploads\/2021\/10\/blog-3-950x634.jpg\" alt=\"The Best Travel Insurance Companies for Seniors\" \/>\n    \t    <\/a>\n\t\t<div class=\"knsl-badge\">\n\t\t\tTravel\t\t<\/div>\n  <\/div>\n    <div class=\"knsl-description-frame\">\n    <div class=\"knsl-room-features\">\n      <div class=\"knsl-feature knsl-feature-author\">\n                <div class=\"knsl-icon-frame knsl-icon-author\"><img decoding=\"async\" src=\"https:\/\/secure.gravatar.com\/avatar\/a372a829fcdcca3ff1cffa34277ef80397fc9bcd754f9d5fe271bbb36807074a?s=96&#038;d=mm&#038;r=g\" alt=\"admin\" \/><\/div>\n                <span>admin<\/span>\n      <\/div>\n\n      \t  \t<div class=\"knsl-feature knsl-feature-date\">\n        <div class=\"knsl-icon-frame\"><span class=\"img-svg img-svg-time\"><\/span><\/div>\n        <span>21\/12\/2021<\/span>\n      <\/div>\n\t  \t    <\/div>\n    <a href=\"https:\/\/www.ikizotel.net\/en\/the-best-travel-insurance-companies-for-seniors-2\/\" class=\"knsl-title\">\n      <h4 class=\"knsl-mb-20\">The Best Travel Insurance Companies for Seniors<\/h4>\n    <\/a>\n    <div class=\"knsl-text-light knsl-text-sm\">\n    \t<p>Image for cattle earth. May one Which life divide sea. Commodi soluta minima nemo,&#8230; <span class=\"knsl-el-more\"><a href=\"https:\/\/www.ikizotel.net\/en\/the-best-travel-insurance-companies-for-seniors-2\/\" class=\"knsl-btn\">Read more<span class=\"screen-reader-text\">Read more&nbsp;The Best Travel Insurance Companies for Seniors<\/span><\/a><\/span><\/p>\n    <\/div>\n  <\/div>\n  <\/div>\n<\/div>\n<!-- blog card end -->\n\n\t          <\/div>\n\t          \t          <div class=\"col-lg-4\">\n\n\t          \t\n\n<!-- blog card -->\n<div class=\"knsl-blog-card\">\n  <div id=\"post-1179\" class=\"post-1179 post type-post status-publish format-standard has-post-thumbnail hentry category-places tag-sea tag-tour tag-travel tag-trip\">\n    <div class=\"knsl-cover-frame\">\n    <a href=\"https:\/\/www.ikizotel.net\/en\/18-easy-steps-for-planning-your-next-trip-2\/\">\n    \t    \t<img decoding=\"async\" src=\"https:\/\/www.ikizotel.net\/wp-content\/uploads\/2021\/10\/blog-1-950x713.jpg\" alt=\"18 Easy Steps for Planning Your Next Trip\" \/>\n    \t    <\/a>\n\t\t<div class=\"knsl-badge\">\n\t\t\tPlaces\t\t<\/div>\n  <\/div>\n    <div class=\"knsl-description-frame\">\n    <div class=\"knsl-room-features\">\n      <div class=\"knsl-feature knsl-feature-author\">\n                <div class=\"knsl-icon-frame knsl-icon-author\"><img decoding=\"async\" src=\"https:\/\/secure.gravatar.com\/avatar\/a372a829fcdcca3ff1cffa34277ef80397fc9bcd754f9d5fe271bbb36807074a?s=96&#038;d=mm&#038;r=g\" alt=\"admin\" \/><\/div>\n                <span>admin<\/span>\n      <\/div>\n\n      \t  \t<div class=\"knsl-feature knsl-feature-date\">\n        <div class=\"knsl-icon-frame\"><span class=\"img-svg img-svg-time\"><\/span><\/div>\n        <span>21\/12\/2021<\/span>\n      <\/div>\n\t  \t    <\/div>\n    <a href=\"https:\/\/www.ikizotel.net\/en\/18-easy-steps-for-planning-your-next-trip-2\/\" class=\"knsl-title\">\n      <h4 class=\"knsl-mb-20\">18 Easy Steps for Planning Your Next Trip<\/h4>\n    <\/a>\n    <div class=\"knsl-text-light knsl-text-sm\">\n    \t<p>Image for cattle earth. May one Which life divide sea. Commodi soluta minima nemo,&#8230; <span class=\"knsl-el-more\"><a href=\"https:\/\/www.ikizotel.net\/en\/18-easy-steps-for-planning-your-next-trip-2\/\" class=\"knsl-btn\">Read more<span class=\"screen-reader-text\">Read more&nbsp;18 Easy Steps for Planning Your Next Trip<\/span><\/a><\/span><\/p>\n    <\/div>\n  <\/div>\n  <\/div>\n<\/div>\n<!-- blog card end -->\n\n\t          <\/div>\n\t          \n\t      \n\t\t\t  \t      \n\t    <\/div>\n\t   <\/div>\n\t  <\/section>\n\t  <!-- blog end -->\n\n\t\t\t\t\t\t<\/div>\n\t\t\t\t<\/div>\n\t\t\t\t\t<\/div>\n\t\t<\/div>\n\t\t\t\t\t<\/div>\n\t\t<\/section>\n\t\t\t\t<\/div>\n\t\t","protected":false},"excerpt":{"rendered":"<p>Frequently Asked Questions Your Guide to a Seamless Stay at Ikiz Hotel! We understand&#8230; <span class=\"knsl-el-more\"><a href=\"https:\/\/www.ikizotel.net\/en\/18-easy-steps-for-planning-your-next-trip-2\/\" class=\"knsl-btn\">Read more<span class=\"screen-reader-text\">Read more&nbsp;18 Easy Steps for Planning Your Next Trip<\/span><\/a><\/span><\/p>","protected":false},"author":1,"featured_media":0,"parent":0,"menu_order":0,"comment_status":"closed","ping_status":"closed","template":"template-layout-builder.php","meta":{"footnotes":""},"class_list":["post-688","page","type-page","status-publish","hentry"],"acf":[],"_links":{"self":[{"href":"https:\/\/www.ikizotel.net\/en\/wp-json\/wp\/v2\/pages\/688","targetHints":{"allow":["GET"]}}],"collection":[{"href":"https:\/\/www.ikizotel.net\/en\/wp-json\/wp\/v2\/pages"}],"about":[{"href":"https:\/\/www.ikizotel.net\/en\/wp-json\/wp\/v2\/types\/page"}],"author":[{"embeddable":true,"href":"https:\/\/www.ikizotel.net\/en\/wp-json\/wp\/v2\/users\/1"}],"replies":[{"embeddable":true,"href":"https:\/\/www.ikizotel.net\/en\/wp-json\/wp\/v2\/comments?post=688"}],"version-history":[{"count":0,"href":"https:\/\/www.ikizotel.net\/en\/wp-json\/wp\/v2\/pages\/688\/revisions"}],"wp:attachment":[{"href":"https:\/\/www.ikizotel.net\/en\/wp-json\/wp\/v2\/media?parent=688"}],"curies":[{"name":"wp","href":"https:\/\/api.w.org\/{rel}","templated":true}]}}