{"id":3942,"date":"2023-07-06T15:21:37","date_gmt":"2023-07-06T12:21:37","guid":{"rendered":"https:\/\/www.ikizotel.net\/?page_id=3942"},"modified":"2023-07-06T16:48:06","modified_gmt":"2023-07-06T13:48:06","slug":"our-team","status":"publish","type":"page","link":"https:\/\/www.ikizotel.net\/en\/our-team\/","title":{"rendered":"Our Team"},"content":{"rendered":"<div data-elementor-type=\"wp-page\" data-elementor-id=\"3942\" class=\"elementor elementor-3942\" data-elementor-post-type=\"page\">\n\t\t\t\t\t\t<section class=\"elementor-section elementor-top-section elementor-element elementor-element-3ea506d0 elementor-section-full_width elementor-section-height-default elementor-section-height-default\" data-id=\"3ea506d0\" data-element_type=\"section\" data-e-type=\"section\" data-settings=\"{&quot;background_background&quot;:&quot;classic&quot;}\">\n\t\t\t\t\t\t<div class=\"elementor-container elementor-column-gap-no\">\n\t\t\t\t\t<div class=\"elementor-column elementor-col-100 elementor-top-column elementor-element elementor-element-7592f5ee\" data-id=\"7592f5ee\" data-element_type=\"column\" data-e-type=\"column\" data-settings=\"{&quot;background_background&quot;:&quot;classic&quot;}\">\n\t\t\t<div class=\"elementor-widget-wrap elementor-element-populated\">\n\t\t\t\t\t\t<div class=\"elementor-element elementor-element-b6a029e elementor-widget elementor-widget-kinsley-intro\" data-id=\"b6a029e\" data-element_type=\"widget\" data-e-type=\"widget\" data-widget_type=\"kinsley-intro.default\">\n\t\t\t\t<div class=\"elementor-widget-container\">\n\t\t\t\t\t\n    <!-- banner -->\n    <section class=\"knsl-banner-simple knsl-transition-bottom\">\n      \n\t\t\t\t<img decoding=\"async\" src=\"https:\/\/www.ikizotel.net\/wp-content\/themes\/kinsley\/assets\/img\/palm.svg\" class=\"knsl-deco-left\" alt=\"palm\" \/>\n\t\t<img decoding=\"async\" src=\"https:\/\/www.ikizotel.net\/wp-content\/themes\/kinsley\/assets\/img\/palm.svg\" class=\"knsl-deco-right\" alt=\"palm\" \/>\n\t\t\n\t\n      <div class=\"container\">\n        <div class=\"row\">\n          <div class=\"col-lg-12\">\n\n            <div class=\"knsl-center knsl-title-frame\">\n                            <h1 class=\"knsl-title--h knsl-mb-20 knsl-h1-inner\">\n                <span >\n                    Crew                <\/span>\n              <\/h1>\n                                          <p class=\"knsl-text knsl-mb-30\">\n                <span >\n                    At Ikiz Hotel, we pride ourselves on our exceptional crew. Our dedicated staff members are committed to providing impeccable service and ensuring that every guest feels valued and well taken care of.                <\/span>\n              <\/p>\n              \n              <ul class=\"knsl-breadcrumbs\"><li><a href=\"https:\/\/www.ikizotel.net\/en\" title=\"Ikiz Hotel\">Home<\/a><\/li><li class=\"tst-active\"><a><\/a><\/li><\/ul>\n            <\/div>\n\n          <\/div>\n        <\/div>\n      <\/div>\n    <\/section>\n    <!-- banner end -->\n\n\t\t\t\t\t\t<\/div>\n\t\t\t\t<\/div>\n\t\t\t\t\t<\/div>\n\t\t<\/div>\n\t\t\t\t\t<\/div>\n\t\t<\/section>\n\t\t\t\t<section class=\"elementor-section elementor-top-section elementor-element elementor-element-c672fe0 elementor-section-boxed elementor-section-height-default elementor-section-height-default\" data-id=\"c672fe0\" data-element_type=\"section\" data-e-type=\"section\">\n\t\t\t\t\t\t<div class=\"elementor-container elementor-column-gap-default\">\n\t\t\t\t\t<div class=\"elementor-column elementor-col-100 elementor-top-column elementor-element elementor-element-43d9d77\" data-id=\"43d9d77\" data-element_type=\"column\" data-e-type=\"column\">\n\t\t\t<div class=\"elementor-widget-wrap elementor-element-populated\">\n\t\t\t\t\t\t<div class=\"elementor-element elementor-element-16d8e81 elementor-widget elementor-widget-kinsley-about-quote\" data-id=\"16d8e81\" data-element_type=\"widget\" data-e-type=\"widget\" data-widget_type=\"kinsley-about-quote.default\">\n\t\t\t\t<div class=\"elementor-widget-container\">\n\t\t\t\t\t\n    <!-- quote -->\n    <section class=\"knsl-p-0-100\">\n\n      <div class=\"container\">\n        <div class=\"row\">\n\n          <div class=\"col-lg-12\">\n\n            <div class=\"knsl-quote-with-author\">\n\n              <div class=\"row align-items-center\">\n                <div class=\"col-lg-4\">\n                                    <div class=\"knsl-photo-frame\">\n                    <img decoding=\"async\" src=\"https:\/\/www.ikizotel.net\/wp-content\/uploads\/2023\/07\/adnancallioglu.jpg\" alt=\"Adnan \u00c7all\u0131o\u011flu\" \/>\n                  <\/div>\n                                  <\/div>\n                <div class=\"col-lg-8\">\n                                    <blockquote>\n                    <span >\n                      Welcome to our hotel, where comfort meets luxury and every guest is treated like royalty. We are delighted to have you as our esteemed guest and look forward to providing you with an unforgettable stay.\n\nFrom the moment you step through our doors, our dedicated team is here to cater to your every need. Our mission is to ensure your utmost comfort and satisfaction throughout your stay, making you feel right at home in our elegant surroundings.                    <\/span>\n                  <\/blockquote>\n                                    <div class=\"knsl-quote-bottom\">\n                    <div>\n                                            <h4>\n                        <span >\n                  \t\t\t\tAdnan \u00c7all\u0131o\u011flu                  \t\t\t<\/span>\n                      <\/h4>\n                                                                  <p>\n                        <span >\n                  \t\t\t\tGeneral Manager                  \t\t\t<\/span>\n                      <\/p>\n                                          <\/div>\n                                        <img decoding=\"async\" src=\"https:\/\/www.ikizotel.net\/wp-content\/uploads\/2023\/07\/Text_Signature-e1688646477670.png\" class=\"knsl-signature\" alt=\"signature\" \/>\n                                      <\/div>\n                <\/div>\n              <\/div>\n            <\/div>\n\n          <\/div>\n\n        <\/div>\n\n      <\/div>\n\n    <\/section>\n    <!-- quote end -->\n\n\t\t\t\t\t\t<\/div>\n\t\t\t\t<\/div>\n\t\t\t\t\t<\/div>\n\t\t<\/div>\n\t\t\t\t\t<\/div>\n\t\t<\/section>\n\t\t\t\t<section class=\"elementor-section elementor-top-section elementor-element elementor-element-4114e96c elementor-section-full_width elementor-section-height-default elementor-section-height-default\" data-id=\"4114e96c\" data-element_type=\"section\" data-e-type=\"section\" data-settings=\"{&quot;background_background&quot;:&quot;classic&quot;}\">\n\t\t\t\t\t\t<div class=\"elementor-container elementor-column-gap-no\">\n\t\t\t\t\t<div class=\"elementor-column elementor-col-100 elementor-top-column elementor-element elementor-element-26a1990e\" data-id=\"26a1990e\" data-element_type=\"column\" data-e-type=\"column\">\n\t\t\t<div class=\"elementor-widget-wrap elementor-element-populated\">\n\t\t\t\t\t\t<div class=\"elementor-element elementor-element-7c71c99e elementor-widget elementor-widget-kinsley-testimonials\" data-id=\"7c71c99e\" data-element_type=\"widget\" data-e-type=\"widget\" data-widget_type=\"kinsley-testimonials.default\">\n\t\t\t\t<div class=\"elementor-widget-container\">\n\t\t\t\t\t\n\t\t<!-- testimonials -->\n\t    <section class=\"knsl-transition-none knsl-p-0-80\">\n\t      \n\t\t\t\t<img decoding=\"async\" src=\"https:\/\/www.ikizotel.net\/wp-content\/themes\/kinsley\/assets\/img\/palm.svg\" class=\"knsl-deco-left\" alt=\"palm\" \/>\n\t\t\n\t\n\t      <div class=\"container\">\n\t        <div class=\"row justify-content-center\">\n\t          \t          <div class=\"col-lg-12\">\n\n\t            <div class=\"knsl-center knsl-title-frame knsl-scroll-animation knsl-mb-80\">\n\t              \t              <h2 class=\"knsl-title--h knsl-mb-20\">\n\t              \t<span >\n\t\t\t\t\t          \tFeedback from our Guests\t\t\t\t\t        <\/span>\n\t              <\/h2>\n\t              \t              \t\t\t\t\t\t\t\t<div class=\"knsl-text\">\n\t\t\t\t\t\t\t\t\t<p>\n\t\t              \t<span >\n\t\t\t\t\t          \t\tYour Voice, Our Inspiration! At Ikiz Hotel, we value the opinions and experiences of our esteemed guests. \t\t\t\t\t        \t<\/span>\n\t\t              <\/p>\n\t\t\t\t\t\t\t\t<\/div>\n\t              \t            <\/div>\n\n\t          <\/div>\n\t          \t          \t          <div class=\"col-lg-6\">\n\n\t            <!-- slider -->\n\t            <div class=\"swiper-slider knsl-testimonials-slider knsl-scroll-animation\">\n\t              <div class=\"swiper-wrapper\">\n\t                \t                <div class=\"swiper-slide\">\n\n\t                  <div class=\"knsl-testimonial-card\">\n\t                    \t                    <div class=\"knsl-avatar-frame\">\n\t                      <img decoding=\"async\" src=\"https:\/\/www.ikizotel.net\/wp-content\/uploads\/2021\/10\/faces-1-140x140.jpg\" alt=\"Avtor Otzivov\" \/>\n\t                    <\/div>\n\t                    \t                    <div class=\"knsl-name-and-text\">\n\t                      \t                      <h3 class=\"knsl-mb-10\">\n\t                      \t<span >\n\t\t\t\t\t\t\t\t\t\t\t\t\t\tAvtor Otzivov\t\t\t\t\t\t\t\t\t\t\t\t\t<\/span>\n\t                      <\/h3>\n\t                      \t                      \t                      <div class=\"knsl-subtitle--h\">\n\t                      \t<span >\n\t\t\t\t\t\t\t\t\t\t\t\t\t\tFrom Russia\t\t\t\t\t\t\t\t\t\t\t\t\t<\/span>\n\t                      <\/div>\n\t                      \t                      <blockquote>\n\t                        \t\t\t\t\t\t                <ul class=\"knsl-stars\">\n\t\t\t\t\t\t                  \t\t\t\t\t\t                  \t\t\t\t\t\t                  <li><i class=\"fas fa-star\"><\/i><\/li>\n\t\t\t\t\t\t                  \t\t\t\t\t\t                  \t\t\t\t\t\t                  \t\t\t\t\t\t                  <li><i class=\"fas fa-star\"><\/i><\/li>\n\t\t\t\t\t\t                  \t\t\t\t\t\t                  \t\t\t\t\t\t                  \t\t\t\t\t\t                  <li><i class=\"fas fa-star\"><\/i><\/li>\n\t\t\t\t\t\t                  \t\t\t\t\t\t                  \t\t\t\t\t\t                  \t\t\t\t\t\t                  <li><i class=\"fas fa-star\"><\/i><\/li>\n\t\t\t\t\t\t                  \t\t\t\t\t\t                  \t\t\t\t\t\t                  \t\t\t\t\t\t                  <li><i class=\"fas fa-star\"><\/i><\/li>\n\t\t\t\t\t\t                  \t\t\t\t\t\t                  \t\t\t\t\t\t                <\/ul>\n\t\t\t\t\t\t            \t\n\t                        \t                        \t<div >\n\t\t\t\t\t\t\t\t\t\t\t\t\t\t\t<p id=\"tw-target-text\" class=\"tw-data-text tw-text-large tw-ta\" dir=\"ltr\" data-placeholder=\"\u00c7eviri\">Settlement. Standard at 14:00. I was escorted to the room (No. 301 in the first building) by the manager Bahtiyar himself. With him, they immediately checked everything so that where it was necessary to flow and\u00a0 turn on, close\u2026<\/p>\t\t\t\t\t\t\t\t\t\t\t\t\t\t<\/div>\n\t                        \t                      <\/blockquote>\n\t                    <\/div>\n\t                  <\/div>\n\n\t                <\/div>\n\t                \t                <div class=\"swiper-slide\">\n\n\t                  <div class=\"knsl-testimonial-card\">\n\t                    \t                    <div class=\"knsl-avatar-frame\">\n\t                      <img decoding=\"async\" src=\"https:\/\/www.ikizotel.net\/wp-content\/uploads\/2021\/10\/faces-2-140x140.jpg\" alt=\"Alexsey Beringer\" \/>\n\t                    <\/div>\n\t                    \t                    <div class=\"knsl-name-and-text\">\n\t                      \t                      <h3 class=\"knsl-mb-10\">\n\t                      \t<span >\n\t\t\t\t\t\t\t\t\t\t\t\t\t\tAlexsey Beringer\t\t\t\t\t\t\t\t\t\t\t\t\t<\/span>\n\t                      <\/h3>\n\t                      \t                      \t                      <div class=\"knsl-subtitle--h\">\n\t                      \t<span >\n\t\t\t\t\t\t\t\t\t\t\t\t\t\tFrom Russia\t\t\t\t\t\t\t\t\t\t\t\t\t<\/span>\n\t                      <\/div>\n\t                      \t                      <blockquote>\n\t                        \t\t\t\t\t\t                <ul class=\"knsl-stars\">\n\t\t\t\t\t\t                  \t\t\t\t\t\t                  \t\t\t\t\t\t                  <li><i class=\"fas fa-star\"><\/i><\/li>\n\t\t\t\t\t\t                  \t\t\t\t\t\t                  \t\t\t\t\t\t                  \t\t\t\t\t\t                  <li><i class=\"fas fa-star\"><\/i><\/li>\n\t\t\t\t\t\t                  \t\t\t\t\t\t                  \t\t\t\t\t\t                  \t\t\t\t\t\t                  <li><i class=\"fas fa-star\"><\/i><\/li>\n\t\t\t\t\t\t                  \t\t\t\t\t\t                  \t\t\t\t\t\t                  \t\t\t\t\t\t                  <li><i class=\"fas fa-star\"><\/i><\/li>\n\t\t\t\t\t\t                  \t\t\t\t\t\t                  \t\t\t\t\t\t                  \t\t\t\t\t\t                  <li><i class=\"fas fa-star\"><\/i><\/li>\n\t\t\t\t\t\t                  \t\t\t\t\t\t                  \t\t\t\t\t\t                <\/ul>\n\t\t\t\t\t\t            \t\n\t                        \t                        \t<div >\n\t\t\t\t\t\t\t\t\t\t\t\t\t\t\t<p>The first experience of traveling abroad is very important. Lucky to be here. This hotel turned out to be just a fairy tale for the money, and helped to ensure that our 2-3 days stay at the resort turned out to be unforgettable. We ate richly and variedly, slept in comfort under the air conditioner, washed ourselves in a comfortable shower.<\/p>\t\t\t\t\t\t\t\t\t\t\t\t\t\t<\/div>\n\t                        \t                      <\/blockquote>\n\t                    <\/div>\n\t                  <\/div>\n\n\t                <\/div>\n\t                \t                <div class=\"swiper-slide\">\n\n\t                  <div class=\"knsl-testimonial-card\">\n\t                    \t                    <div class=\"knsl-avatar-frame\">\n\t                      <img decoding=\"async\" src=\"https:\/\/www.ikizotel.net\/wp-content\/uploads\/2021\/10\/faces-3-scaled-1-140x140.jpg\" alt=\"Elena An\" \/>\n\t                    <\/div>\n\t                    \t                    <div class=\"knsl-name-and-text\">\n\t                      \t                      <h3 class=\"knsl-mb-10\">\n\t                      \t<span >\n\t\t\t\t\t\t\t\t\t\t\t\t\t\tElena An\t\t\t\t\t\t\t\t\t\t\t\t\t<\/span>\n\t                      <\/h3>\n\t                      \t                      \t                      <div class=\"knsl-subtitle--h\">\n\t                      \t<span >\n\t\t\t\t\t\t\t\t\t\t\t\t\t\tFrom Germany\t\t\t\t\t\t\t\t\t\t\t\t\t<\/span>\n\t                      <\/div>\n\t                      \t                      <blockquote>\n\t                        \t\t\t\t\t\t                <ul class=\"knsl-stars\">\n\t\t\t\t\t\t                  \t\t\t\t\t\t                  \t\t\t\t\t\t                  <li><i class=\"fas fa-star\"><\/i><\/li>\n\t\t\t\t\t\t                  \t\t\t\t\t\t                  \t\t\t\t\t\t                  \t\t\t\t\t\t                  <li><i class=\"fas fa-star\"><\/i><\/li>\n\t\t\t\t\t\t                  \t\t\t\t\t\t                  \t\t\t\t\t\t                  \t\t\t\t\t\t                  <li><i class=\"fas fa-star\"><\/i><\/li>\n\t\t\t\t\t\t                  \t\t\t\t\t\t                  \t\t\t\t\t\t                  \t\t\t\t\t\t                  <li><i class=\"fas fa-star\"><\/i><\/li>\n\t\t\t\t\t\t                  \t\t\t\t\t\t                  \t\t\t\t\t\t                  \t\t\t\t\t\t                  <li><i class=\"fas fa-star\"><\/i><\/li>\n\t\t\t\t\t\t                  \t\t\t\t\t\t                  \t\t\t\t\t\t                <\/ul>\n\t\t\t\t\t\t            \t\n\t                        \t                        \t<div >\n\t\t\t\t\t\t\t\t\t\t\t\t\t\t\t<p>Hello...i come with my husbent end we have best holiday in ikiz hotel.i been many hotel but kleopatra ikiz hotel so nice clean hotel.beach so nice..very nice food..resteorant personel so good make service.good we have holidays..really have to come every one ikiz hotel.thankyou full foreverting...thankyou<\/p>\t\t\t\t\t\t\t\t\t\t\t\t\t\t<\/div>\n\t                        \t                      <\/blockquote>\n\t                    <\/div>\n\t                  <\/div>\n\n\t                <\/div>\n\t                \t              <\/div>\n\t              <div class=\"knsl-testimonials-nav\">\n\t                <div class=\"knsl-testimonials-slider-1-prev\"><i class=\"fas fa-arrow-left\"><\/i><\/div>\n\t                <div class=\"knsl-testimonials-slider-1-next\"><i class=\"fas fa-arrow-right\"><\/i><\/div>\n\t              <\/div>\n\t            <\/div>\n\t            <!-- slider end -->\n\n\t          <\/div>\n\t          \t        <\/div>\n\t      <\/div>\n\t    <\/section>\n\t    <!-- testimonials end -->\n\n\t\t\t\t\t\t<\/div>\n\t\t\t\t<\/div>\n\t\t\t\t\t<\/div>\n\t\t<\/div>\n\t\t\t\t\t<\/div>\n\t\t<\/section>\n\t\t\t\t<\/div>","protected":false},"excerpt":{"rendered":"<p>Crew At Ikiz Hotel, we pride ourselves on our exceptional crew. Our dedicated staff members are committed to providing impeccable&#8230; <span class=\"knsl-el-more\"><a href=\"https:\/\/www.ikizotel.net\/en\/our-team\/\" class=\"knsl-btn\">Read more<span class=\"screen-reader-text\">Read more&nbsp;Our Team<\/span><\/a><\/span><\/p>","protected":false},"author":1,"featured_media":0,"parent":0,"menu_order":0,"comment_status":"closed","ping_status":"closed","template":"template-layout-builder.php","meta":{"footnotes":""},"class_list":["post-3942","page","type-page","status-publish","hentry"],"acf":[],"_links":{"self":[{"href":"https:\/\/www.ikizotel.net\/en\/wp-json\/wp\/v2\/pages\/3942","targetHints":{"allow":["GET"]}}],"collection":[{"href":"https:\/\/www.ikizotel.net\/en\/wp-json\/wp\/v2\/pages"}],"about":[{"href":"https:\/\/www.ikizotel.net\/en\/wp-json\/wp\/v2\/types\/page"}],"author":[{"embeddable":true,"href":"https:\/\/www.ikizotel.net\/en\/wp-json\/wp\/v2\/users\/1"}],"replies":[{"embeddable":true,"href":"https:\/\/www.ikizotel.net\/en\/wp-json\/wp\/v2\/comments?post=3942"}],"version-history":[{"count":0,"href":"https:\/\/www.ikizotel.net\/en\/wp-json\/wp\/v2\/pages\/3942\/revisions"}],"wp:attachment":[{"href":"https:\/\/www.ikizotel.net\/en\/wp-json\/wp\/v2\/media?parent=3942"}],"curies":[{"name":"wp","href":"https:\/\/api.w.org\/{rel}","templated":true}]}}